{"id":7,"date":"2023-07-28T11:25:04","date_gmt":"2023-07-28T14:25:04","guid":{"rendered":"https:\/\/www.camaramunicipal.com.br\/agenda\/?page_id=7"},"modified":"2024-02-07T17:07:36","modified_gmt":"2024-02-07T20:07:36","slug":"dinheiro-esquecido","status":"publish","type":"page","link":"https:\/\/www.camarasmunicipal.com.br\/agenda\/","title":{"rendered":"C\u00e2mara Municipal Brasil &#8211; Encontre a C\u00e2mara Municipal da sua cidade!"},"content":{"rendered":"<p>O \ud83d\udcd6 <u>Guia de C\u00e2maras Municipais<\/u> \u00e9 um portal online dedicado a ajudar pessoas que procuram de maneira pr\u00e1tica e conveniente o contato \ud83d\udcde e localiza\u00e7\u00e3o \ud83d\udccd das C\u00e2maras Municipais de sua cidade.<\/p>\n<p>O website Camaramunicipal.com.br foi criado para simplificar sua busca pela c\u00e2mara municipal local com apenas alguns cliques!<\/p>\n<p>No Brasil, a C\u00e2mara Municipal \ud83c\udfdb\ufe0f representa o corpo legislativo dos munic\u00edpios, atuando como a congrega\u00e7\u00e3o de representantes dos moradores locais.<\/p>\n<p>&nbsp;<\/p>\n<h2>\ud83d\udcca <strong>Gest\u00e3o Financeira Municipal<\/strong><\/h2>\n<p>As C\u00e2maras Municipais desempenham um papel crucial na gest\u00e3o financeira dos munic\u00edpios.<\/p>\n<p>Uma C\u00e2mara Municipal n\u00e3o pode gastar mais de 70% de sua receita em despesas com pessoal, incluindo os sal\u00e1rios dos vereadores.<\/p>\n<p>A viola\u00e7\u00e3o desta regra \u00e9 considerada um crime de responsabilidade do presidente da C\u00e2mara Municipal. Al\u00e9m disso, as C\u00e2maras Municipais t\u00eam a obriga\u00e7\u00e3o de auditar as contas do Executivo Municipal, &#8220;por meio de controle externo, e pelos sistemas de controle interno do Executivo Municipal, conforme determina a lei&#8221;, que &#8220;conta com o apoio dos Tribunais de Contas dos Estados, da Uni\u00e3o ou do pr\u00f3prio Munic\u00edpio, bem como dos Conselhos ou Tribunais de Contas municipais, quando existirem&#8221;.<\/p>\n<p><img loading=\"lazy\" decoding=\"async\" class=\"aligncenter size-full wp-image-192\" src=\"https:\/\/www.camaramunicipal.com.br\/agenda\/wp-content\/uploads\/2024\/02\/camara-municipal-rio-de-janeiro.png\" alt=\"\" width=\"450\" height=\"298\" srcset=\"https:\/\/www.camarasmunicipal.com.br\/agenda\/content-wp\/uploads\/2024\/02\/camara-municipal-rio-de-janeiro.png 450w, https:\/\/www.camarasmunicipal.com.br\/agenda\/content-wp\/uploads\/2024\/02\/camara-municipal-rio-de-janeiro-300x200.png 300w\" sizes=\"auto, (max-width: 450px) 100vw, 450px\" \/><\/p>\n<h2>\ud83d\udcdc <strong>Atua\u00e7\u00e3o Legislativa &#8211; Fun\u00e7\u00f5es da C\u00e2mara Municipal<\/strong><\/h2>\n<p>A atua\u00e7\u00e3o legislativa das C\u00e2maras Municipais \u00e9 definida pela Constitui\u00e7\u00e3o, que estabelece que &#8220;cabe aos Munic\u00edpios legislar sobre quest\u00f5es de interesse local&#8221; e &#8220;complementar a legisla\u00e7\u00e3o federal e estadual quando necess\u00e1rio&#8221;.<\/p>\n<p>O processo de cria\u00e7\u00e3o de normas jur\u00eddicas municipais, conhecido como processo legislativo municipal, \u00e9 regulado pelo Regimento Interno das C\u00e2maras Municipais. Tamb\u00e9m \u00e9 garantido o &#8220;direito de iniciativa popular em projetos de lei de interesse espec\u00edfico do Munic\u00edpio, da cidade ou dos bairros, por meio da manifesta\u00e7\u00e3o de, no m\u00ednimo, cinco por cento do eleitorado&#8221;, no Brasil, essa fun\u00e7\u00e3o \u00e9 similar \u00e0 da C\u00e2mara dos Deputados.<\/p>\n","protected":false},"excerpt":{"rendered":"<p>O \ud83d\udcd6 Guia de C\u00e2maras Municipais \u00e9 um portal online dedicado a ajudar pessoas que procuram de maneira pr\u00e1tica e conveniente o contato \ud83d\udcde e localiza\u00e7\u00e3o \ud83d\udccd das C\u00e2maras Municipais de sua cidade. O website Camaramunicipal.com.br foi criado para simplificar sua busca pela c\u00e2mara municipal local com apenas alguns cliques! No Brasil, a C\u00e2mara Municipal \ud83c\udfdb\ufe0f representa o corpo legislativo dos munic\u00edpios, atuando como a congrega\u00e7\u00e3o de representantes dos moradores locais. &nbsp; \ud83d\udcca Gest\u00e3o Financeira Municipal As C\u00e2maras Municipais desempenham um papel crucial na gest\u00e3o financeira dos munic\u00edpios. Uma C\u00e2mara Municipal n\u00e3o pode gastar mais de 70% de sua receita <\/p>\n","protected":false},"author":1,"featured_media":191,"parent":0,"menu_order":0,"comment_status":"closed","ping_status":"closed","template":"tpl_inicio.php","meta":{"footnotes":""},"class_list":["post-7","page","type-page","status-publish","has-post-thumbnail","hentry","has_thumb"],"yoast_head":"<!-- This site is optimized with the Yoast SEO plugin v27.0 - https:\/\/yoast.com\/product\/yoast-seo-wordpress\/ -->\n<title>C\u00e2mara Municipal Brasil - Encontre a C\u00e2mara Municipal da sua cidade! - C\u00e2maraMunicipal.com.br<\/title>\n<meta name=\"robots\" content=\"index, follow, max-snippet:-1, max-image-preview:large, max-video-preview:-1\" \/>\n<link rel=\"canonical\" href=\"https:\/\/www.camaramunicipal.com.br\/agenda\/\" \/>\n<meta property=\"og:locale\" content=\"pt_BR\" \/>\n<meta property=\"og:type\" content=\"article\" \/>\n<meta property=\"og:title\" content=\"C\u00e2mara Municipal Brasil - Encontre a C\u00e2mara Municipal da sua cidade! - C\u00e2maraMunicipal.com.br\" \/>\n<meta property=\"og:description\" content=\"O \ud83d\udcd6 Guia de C\u00e2maras Municipais \u00e9 um portal online dedicado a ajudar pessoas que procuram de maneira pr\u00e1tica e conveniente o contato \ud83d\udcde e localiza\u00e7\u00e3o \ud83d\udccd das C\u00e2maras Municipais de sua cidade. O website Camaramunicipal.com.br foi criado para simplificar sua busca pela c\u00e2mara municipal local com apenas alguns cliques! No Brasil, a C\u00e2mara Municipal \ud83c\udfdb\ufe0f representa o corpo legislativo dos munic\u00edpios, atuando como a congrega\u00e7\u00e3o de representantes dos moradores locais. &nbsp; \ud83d\udcca Gest\u00e3o Financeira Municipal As C\u00e2maras Municipais desempenham um papel crucial na gest\u00e3o financeira dos munic\u00edpios. Uma C\u00e2mara Municipal n\u00e3o pode gastar mais de 70% de sua receita\" \/>\n<meta property=\"og:url\" content=\"https:\/\/www.camaramunicipal.com.br\/agenda\/\" \/>\n<meta property=\"og:site_name\" content=\"C\u00e2maraMunicipal.com.br\" \/>\n<meta property=\"article:modified_time\" content=\"2024-02-07T20:07:36+00:00\" \/>\n<meta property=\"og:image\" content=\"https:\/\/www.camaramunicipal.com.br\/agenda\/wp-content\/uploads\/2024\/02\/banner-concurso-1.webp\" \/>\n\t<meta property=\"og:image:width\" content=\"1\" \/>\n\t<meta property=\"og:image:height\" content=\"1\" \/>\n\t<meta property=\"og:image:type\" content=\"image\/webp\" \/>\n<meta name=\"twitter:card\" content=\"summary_large_image\" \/>\n<meta name=\"twitter:label1\" content=\"Est. tempo de leitura\" \/>\n\t<meta name=\"twitter:data1\" content=\"2 minutos\" \/>\n<script type=\"application\/ld+json\" class=\"yoast-schema-graph\">{\"@context\":\"https:\/\/schema.org\",\"@graph\":[{\"@type\":\"WebPage\",\"@id\":\"https:\/\/www.camaramunicipal.com.br\/agenda\/\",\"url\":\"https:\/\/www.camaramunicipal.com.br\/agenda\/\",\"name\":\"C\u00e2mara Municipal Brasil - Encontre a C\u00e2mara Municipal da sua cidade! - C\u00e2maraMunicipal.com.br\",\"isPartOf\":{\"@id\":\"https:\/\/www.camaramunicipal.com.br\/agenda\/#website\"},\"primaryImageOfPage\":{\"@id\":\"https:\/\/www.camaramunicipal.com.br\/agenda\/#primaryimage\"},\"image\":{\"@id\":\"https:\/\/www.camaramunicipal.com.br\/agenda\/#primaryimage\"},\"thumbnailUrl\":\"https:\/\/www.camarasmunicipal.com.br\/agenda\/content-wp\/uploads\/2024\/02\/banner-concurso-1.webp\",\"datePublished\":\"2023-07-28T14:25:04+00:00\",\"dateModified\":\"2024-02-07T20:07:36+00:00\",\"breadcrumb\":{\"@id\":\"https:\/\/www.camaramunicipal.com.br\/agenda\/#breadcrumb\"},\"inLanguage\":\"pt-BR\",\"potentialAction\":[{\"@type\":\"ReadAction\",\"target\":[\"https:\/\/www.camaramunicipal.com.br\/agenda\/\"]}]},{\"@type\":\"ImageObject\",\"inLanguage\":\"pt-BR\",\"@id\":\"https:\/\/www.camaramunicipal.com.br\/agenda\/#primaryimage\",\"url\":\"https:\/\/www.camarasmunicipal.com.br\/agenda\/content-wp\/uploads\/2024\/02\/banner-concurso-1.webp\",\"contentUrl\":\"https:\/\/www.camarasmunicipal.com.br\/agenda\/content-wp\/uploads\/2024\/02\/banner-concurso-1.webp\"},{\"@type\":\"BreadcrumbList\",\"@id\":\"https:\/\/www.camaramunicipal.com.br\/agenda\/#breadcrumb\",\"itemListElement\":[{\"@type\":\"ListItem\",\"position\":1,\"name\":\"In\u00edcio\",\"item\":\"https:\/\/www.camaramunicipal.com.br\/agenda\/\"},{\"@type\":\"ListItem\",\"position\":2,\"name\":\"C\u00e2mara Municipal Brasil &#8211; Encontre a C\u00e2mara Municipal da sua cidade!\"}]},{\"@type\":\"WebSite\",\"@id\":\"https:\/\/www.camaramunicipal.com.br\/agenda\/#website\",\"url\":\"https:\/\/www.camaramunicipal.com.br\/agenda\/\",\"name\":\"C\u00e2maraMunicipal.com.br\",\"description\":\"C\u00e2mara Municipal\",\"potentialAction\":[{\"@type\":\"SearchAction\",\"target\":{\"@type\":\"EntryPoint\",\"urlTemplate\":\"https:\/\/www.camaramunicipal.com.br\/agenda\/?s={search_term_string}\"},\"query-input\":{\"@type\":\"PropertyValueSpecification\",\"valueRequired\":true,\"valueName\":\"search_term_string\"}}],\"inLanguage\":\"pt-BR\"}]}<\/script>\n<!-- \/ Yoast SEO plugin. -->","yoast_head_json":{"title":"C\u00e2mara Municipal Brasil - Encontre a C\u00e2mara Municipal da sua cidade! - C\u00e2maraMunicipal.com.br","robots":{"index":"index","follow":"follow","max-snippet":"max-snippet:-1","max-image-preview":"max-image-preview:large","max-video-preview":"max-video-preview:-1"},"canonical":"https:\/\/www.camaramunicipal.com.br\/agenda\/","og_locale":"pt_BR","og_type":"article","og_title":"C\u00e2mara Municipal Brasil - Encontre a C\u00e2mara Municipal da sua cidade! - C\u00e2maraMunicipal.com.br","og_description":"O \ud83d\udcd6 Guia de C\u00e2maras Municipais \u00e9 um portal online dedicado a ajudar pessoas que procuram de maneira pr\u00e1tica e conveniente o contato \ud83d\udcde e localiza\u00e7\u00e3o \ud83d\udccd das C\u00e2maras Municipais de sua cidade. O website Camaramunicipal.com.br foi criado para simplificar sua busca pela c\u00e2mara municipal local com apenas alguns cliques! No Brasil, a C\u00e2mara Municipal \ud83c\udfdb\ufe0f representa o corpo legislativo dos munic\u00edpios, atuando como a congrega\u00e7\u00e3o de representantes dos moradores locais. &nbsp; \ud83d\udcca Gest\u00e3o Financeira Municipal As C\u00e2maras Municipais desempenham um papel crucial na gest\u00e3o financeira dos munic\u00edpios. Uma C\u00e2mara Municipal n\u00e3o pode gastar mais de 70% de sua receita","og_url":"https:\/\/www.camaramunicipal.com.br\/agenda\/","og_site_name":"C\u00e2maraMunicipal.com.br","article_modified_time":"2024-02-07T20:07:36+00:00","og_image":[{"url":"https:\/\/www.camaramunicipal.com.br\/agenda\/wp-content\/uploads\/2024\/02\/banner-concurso-1.webp","width":1,"height":1,"type":"image\/webp"}],"twitter_card":"summary_large_image","twitter_misc":{"Est. tempo de leitura":"2 minutos"},"schema":{"@context":"https:\/\/schema.org","@graph":[{"@type":"WebPage","@id":"https:\/\/www.camaramunicipal.com.br\/agenda\/","url":"https:\/\/www.camaramunicipal.com.br\/agenda\/","name":"C\u00e2mara Municipal Brasil - Encontre a C\u00e2mara Municipal da sua cidade! - C\u00e2maraMunicipal.com.br","isPartOf":{"@id":"https:\/\/www.camaramunicipal.com.br\/agenda\/#website"},"primaryImageOfPage":{"@id":"https:\/\/www.camaramunicipal.com.br\/agenda\/#primaryimage"},"image":{"@id":"https:\/\/www.camaramunicipal.com.br\/agenda\/#primaryimage"},"thumbnailUrl":"https:\/\/www.camarasmunicipal.com.br\/agenda\/content-wp\/uploads\/2024\/02\/banner-concurso-1.webp","datePublished":"2023-07-28T14:25:04+00:00","dateModified":"2024-02-07T20:07:36+00:00","breadcrumb":{"@id":"https:\/\/www.camaramunicipal.com.br\/agenda\/#breadcrumb"},"inLanguage":"pt-BR","potentialAction":[{"@type":"ReadAction","target":["https:\/\/www.camaramunicipal.com.br\/agenda\/"]}]},{"@type":"ImageObject","inLanguage":"pt-BR","@id":"https:\/\/www.camaramunicipal.com.br\/agenda\/#primaryimage","url":"https:\/\/www.camarasmunicipal.com.br\/agenda\/content-wp\/uploads\/2024\/02\/banner-concurso-1.webp","contentUrl":"https:\/\/www.camarasmunicipal.com.br\/agenda\/content-wp\/uploads\/2024\/02\/banner-concurso-1.webp"},{"@type":"BreadcrumbList","@id":"https:\/\/www.camaramunicipal.com.br\/agenda\/#breadcrumb","itemListElement":[{"@type":"ListItem","position":1,"name":"In\u00edcio","item":"https:\/\/www.camaramunicipal.com.br\/agenda\/"},{"@type":"ListItem","position":2,"name":"C\u00e2mara Municipal Brasil &#8211; Encontre a C\u00e2mara Municipal da sua cidade!"}]},{"@type":"WebSite","@id":"https:\/\/www.camaramunicipal.com.br\/agenda\/#website","url":"https:\/\/www.camaramunicipal.com.br\/agenda\/","name":"C\u00e2maraMunicipal.com.br","description":"C\u00e2mara Municipal","potentialAction":[{"@type":"SearchAction","target":{"@type":"EntryPoint","urlTemplate":"https:\/\/www.camaramunicipal.com.br\/agenda\/?s={search_term_string}"},"query-input":{"@type":"PropertyValueSpecification","valueRequired":true,"valueName":"search_term_string"}}],"inLanguage":"pt-BR"}]}},"_links":{"self":[{"href":"https:\/\/www.camarasmunicipal.com.br\/agenda\/wp-json\/wp\/v2\/pages\/7","targetHints":{"allow":["GET"]}}],"collection":[{"href":"https:\/\/www.camarasmunicipal.com.br\/agenda\/wp-json\/wp\/v2\/pages"}],"about":[{"href":"https:\/\/www.camarasmunicipal.com.br\/agenda\/wp-json\/wp\/v2\/types\/page"}],"author":[{"embeddable":true,"href":"https:\/\/www.camarasmunicipal.com.br\/agenda\/wp-json\/wp\/v2\/users\/1"}],"replies":[{"embeddable":true,"href":"https:\/\/www.camarasmunicipal.com.br\/agenda\/wp-json\/wp\/v2\/comments?post=7"}],"version-history":[{"count":0,"href":"https:\/\/www.camarasmunicipal.com.br\/agenda\/wp-json\/wp\/v2\/pages\/7\/revisions"}],"wp:featuredmedia":[{"embeddable":true,"href":"https:\/\/www.camarasmunicipal.com.br\/agenda\/wp-json\/wp\/v2\/media\/191"}],"wp:attachment":[{"href":"https:\/\/www.camarasmunicipal.com.br\/agenda\/wp-json\/wp\/v2\/media?parent=7"}],"curies":[{"name":"wp","href":"https:\/\/api.w.org\/{rel}","templated":true}]}}