{"id":12,"date":"2023-07-28T11:39:05","date_gmt":"2023-07-28T14:39:05","guid":{"rendered":"https:\/\/www.camaramunicipal.com.br\/agenda\/?page_id=12"},"modified":"2023-08-08T16:09:55","modified_gmt":"2023-08-08T19:09:55","slug":"quem-somos","status":"publish","type":"page","link":"https:\/\/www.camarasmunicipal.com.br\/agenda\/quem-somos\/","title":{"rendered":"Quem Somos"},"content":{"rendered":"<p>O site <a href=\"https:\/\/www.camaramunicipal.com.br\/agenda\/\">C\u00e2maraMunicipal.com.br<\/a> iniciou suas publica\u00e7\u00f5es no ano de 2023, em todo Brasil.<\/p>\n<p>Em todo esse per\u00edodo de atividade, nossa equipe de redatores tem desenvolvido um trabalho especial com o objetivo de orientar e esclarecer o leitor sobre diversos assuntos.<\/p>\n<p>Como o conte\u00fado do C\u00e2maraMunicipal.com.br engloba uma diversidade de servi\u00e7os e institui\u00e7\u00f5es, temos a necessidade de refor\u00e7ar que o material publicado no site possui uma caracter\u00edstica exclusivamente orientativa, isto \u00e9, os posts trazem somente instru\u00e7\u00f5es sobre os servi\u00e7os. Isso quer dizer que n\u00e3o \u00e9 poss\u00edvel realizar agendamentos de qualquer natureza pelo nosso site.<\/p>\n<p>Al\u00e9m disso, n\u00f3s salientamos que n\u00e3o solicitamos nenhuma esp\u00e9cie de informa\u00e7\u00e3o pessoal do leitor e tamb\u00e9m n\u00e3o praticamos nenhum tipo de a\u00e7\u00e3o que o induza a pagar qualquer tipo de taxa. Tamb\u00e9m n\u00e3o enviamos e-mails maliciosos com boletos banc\u00e1rios para pagamentos de servi\u00e7os.<\/p>\n<p>Para completar, informamos que n\u00e3o possu\u00edmos nenhuma liga\u00e7\u00e3o com os \u00f3rg\u00e3os p\u00fablicos e privados mencionados nas publica\u00e7\u00f5es do site.<\/p>\n<p>Nosso conte\u00fado est\u00e1 integralmente focado em explicar como funcionam os procedimentos para o cidad\u00e3o fazer o agendamento do servi\u00e7o que deseja.<\/p>\n<p>Para fazer perguntas ou informar eventuais erros nos posts do site, estamos \u00e0 disposi\u00e7\u00e3o atrav\u00e9s do nosso Formul\u00e1rio de Contato.<\/p>\n<p>Desejamos uma boa leitura e esperamos que o nosso trabalho ajude a esclarecer suas d\u00favidas.<\/p>\n<p><strong>Equipe do C\u00e2maraMunicipal.com.br<\/strong><\/p>\n","protected":false},"excerpt":{"rendered":"<p>O site C\u00e2maraMunicipal.com.br iniciou suas publica\u00e7\u00f5es no ano de 2023, em todo Brasil. Em todo esse per\u00edodo de atividade, nossa equipe de redatores tem desenvolvido um trabalho especial com o objetivo de orientar e esclarecer o leitor sobre diversos assuntos. Como o conte\u00fado do C\u00e2maraMunicipal.com.br engloba uma diversidade de servi\u00e7os e institui\u00e7\u00f5es, temos a necessidade de refor\u00e7ar que o material publicado no site possui uma caracter\u00edstica exclusivamente orientativa, isto \u00e9, os posts trazem somente instru\u00e7\u00f5es sobre os servi\u00e7os. Isso quer dizer que n\u00e3o \u00e9 poss\u00edvel realizar agendamentos de qualquer natureza pelo nosso site. Al\u00e9m disso, n\u00f3s salientamos que n\u00e3o solicitamos <\/p>\n","protected":false},"author":1,"featured_media":0,"parent":0,"menu_order":0,"comment_status":"closed","ping_status":"closed","template":"","meta":{"footnotes":""},"class_list":["post-12","page","type-page","status-publish","hentry"],"yoast_head":"<!-- This site is optimized with the Yoast SEO plugin v27.0 - https:\/\/yoast.com\/product\/yoast-seo-wordpress\/ -->\n<title>Quem Somos - C\u00e2maraMunicipal.com.br<\/title>\n<meta name=\"robots\" content=\"index, follow, max-snippet:-1, max-image-preview:large, max-video-preview:-1\" \/>\n<link rel=\"canonical\" href=\"https:\/\/www.camaramunicipal.com.br\/agenda\/quem-somos\/\" \/>\n<meta property=\"og:locale\" content=\"pt_BR\" \/>\n<meta property=\"og:type\" content=\"article\" \/>\n<meta property=\"og:title\" content=\"Quem Somos - C\u00e2maraMunicipal.com.br\" \/>\n<meta property=\"og:description\" content=\"O site C\u00e2maraMunicipal.com.br iniciou suas publica\u00e7\u00f5es no ano de 2023, em todo Brasil. Em todo esse per\u00edodo de atividade, nossa equipe de redatores tem desenvolvido um trabalho especial com o objetivo de orientar e esclarecer o leitor sobre diversos assuntos. Como o conte\u00fado do C\u00e2maraMunicipal.com.br engloba uma diversidade de servi\u00e7os e institui\u00e7\u00f5es, temos a necessidade de refor\u00e7ar que o material publicado no site possui uma caracter\u00edstica exclusivamente orientativa, isto \u00e9, os posts trazem somente instru\u00e7\u00f5es sobre os servi\u00e7os. Isso quer dizer que n\u00e3o \u00e9 poss\u00edvel realizar agendamentos de qualquer natureza pelo nosso site. Al\u00e9m disso, n\u00f3s salientamos que n\u00e3o solicitamos\" \/>\n<meta property=\"og:url\" content=\"https:\/\/www.camaramunicipal.com.br\/agenda\/quem-somos\/\" \/>\n<meta property=\"og:site_name\" content=\"C\u00e2maraMunicipal.com.br\" \/>\n<meta property=\"article:modified_time\" content=\"2023-08-08T19:09:55+00:00\" \/>\n<meta name=\"twitter:card\" content=\"summary_large_image\" \/>\n<meta name=\"twitter:label1\" content=\"Est. tempo de leitura\" \/>\n\t<meta name=\"twitter:data1\" content=\"2 minutos\" \/>\n<script type=\"application\/ld+json\" class=\"yoast-schema-graph\">{\"@context\":\"https:\/\/schema.org\",\"@graph\":[{\"@type\":\"WebPage\",\"@id\":\"https:\/\/www.camaramunicipal.com.br\/agenda\/quem-somos\/\",\"url\":\"https:\/\/www.camaramunicipal.com.br\/agenda\/quem-somos\/\",\"name\":\"Quem Somos - C\u00e2maraMunicipal.com.br\",\"isPartOf\":{\"@id\":\"https:\/\/www.camaramunicipal.com.br\/agenda\/#website\"},\"datePublished\":\"2023-07-28T14:39:05+00:00\",\"dateModified\":\"2023-08-08T19:09:55+00:00\",\"breadcrumb\":{\"@id\":\"https:\/\/www.camaramunicipal.com.br\/agenda\/quem-somos\/#breadcrumb\"},\"inLanguage\":\"pt-BR\",\"potentialAction\":[{\"@type\":\"ReadAction\",\"target\":[\"https:\/\/www.camaramunicipal.com.br\/agenda\/quem-somos\/\"]}]},{\"@type\":\"BreadcrumbList\",\"@id\":\"https:\/\/www.camaramunicipal.com.br\/agenda\/quem-somos\/#breadcrumb\",\"itemListElement\":[{\"@type\":\"ListItem\",\"position\":1,\"name\":\"In\u00edcio\",\"item\":\"https:\/\/www.camaramunicipal.com.br\/agenda\/\"},{\"@type\":\"ListItem\",\"position\":2,\"name\":\"Quem Somos\"}]},{\"@type\":\"WebSite\",\"@id\":\"https:\/\/www.camaramunicipal.com.br\/agenda\/#website\",\"url\":\"https:\/\/www.camaramunicipal.com.br\/agenda\/\",\"name\":\"C\u00e2maraMunicipal.com.br\",\"description\":\"C\u00e2mara Municipal\",\"potentialAction\":[{\"@type\":\"SearchAction\",\"target\":{\"@type\":\"EntryPoint\",\"urlTemplate\":\"https:\/\/www.camaramunicipal.com.br\/agenda\/?s={search_term_string}\"},\"query-input\":{\"@type\":\"PropertyValueSpecification\",\"valueRequired\":true,\"valueName\":\"search_term_string\"}}],\"inLanguage\":\"pt-BR\"}]}<\/script>\n<!-- \/ Yoast SEO plugin. -->","yoast_head_json":{"title":"Quem Somos - C\u00e2maraMunicipal.com.br","robots":{"index":"index","follow":"follow","max-snippet":"max-snippet:-1","max-image-preview":"max-image-preview:large","max-video-preview":"max-video-preview:-1"},"canonical":"https:\/\/www.camaramunicipal.com.br\/agenda\/quem-somos\/","og_locale":"pt_BR","og_type":"article","og_title":"Quem Somos - C\u00e2maraMunicipal.com.br","og_description":"O site C\u00e2maraMunicipal.com.br iniciou suas publica\u00e7\u00f5es no ano de 2023, em todo Brasil. Em todo esse per\u00edodo de atividade, nossa equipe de redatores tem desenvolvido um trabalho especial com o objetivo de orientar e esclarecer o leitor sobre diversos assuntos. Como o conte\u00fado do C\u00e2maraMunicipal.com.br engloba uma diversidade de servi\u00e7os e institui\u00e7\u00f5es, temos a necessidade de refor\u00e7ar que o material publicado no site possui uma caracter\u00edstica exclusivamente orientativa, isto \u00e9, os posts trazem somente instru\u00e7\u00f5es sobre os servi\u00e7os. Isso quer dizer que n\u00e3o \u00e9 poss\u00edvel realizar agendamentos de qualquer natureza pelo nosso site. Al\u00e9m disso, n\u00f3s salientamos que n\u00e3o solicitamos","og_url":"https:\/\/www.camaramunicipal.com.br\/agenda\/quem-somos\/","og_site_name":"C\u00e2maraMunicipal.com.br","article_modified_time":"2023-08-08T19:09:55+00:00","twitter_card":"summary_large_image","twitter_misc":{"Est. tempo de leitura":"2 minutos"},"schema":{"@context":"https:\/\/schema.org","@graph":[{"@type":"WebPage","@id":"https:\/\/www.camaramunicipal.com.br\/agenda\/quem-somos\/","url":"https:\/\/www.camaramunicipal.com.br\/agenda\/quem-somos\/","name":"Quem Somos - C\u00e2maraMunicipal.com.br","isPartOf":{"@id":"https:\/\/www.camaramunicipal.com.br\/agenda\/#website"},"datePublished":"2023-07-28T14:39:05+00:00","dateModified":"2023-08-08T19:09:55+00:00","breadcrumb":{"@id":"https:\/\/www.camaramunicipal.com.br\/agenda\/quem-somos\/#breadcrumb"},"inLanguage":"pt-BR","potentialAction":[{"@type":"ReadAction","target":["https:\/\/www.camaramunicipal.com.br\/agenda\/quem-somos\/"]}]},{"@type":"BreadcrumbList","@id":"https:\/\/www.camaramunicipal.com.br\/agenda\/quem-somos\/#breadcrumb","itemListElement":[{"@type":"ListItem","position":1,"name":"In\u00edcio","item":"https:\/\/www.camaramunicipal.com.br\/agenda\/"},{"@type":"ListItem","position":2,"name":"Quem Somos"}]},{"@type":"WebSite","@id":"https:\/\/www.camaramunicipal.com.br\/agenda\/#website","url":"https:\/\/www.camaramunicipal.com.br\/agenda\/","name":"C\u00e2maraMunicipal.com.br","description":"C\u00e2mara Municipal","potentialAction":[{"@type":"SearchAction","target":{"@type":"EntryPoint","urlTemplate":"https:\/\/www.camaramunicipal.com.br\/agenda\/?s={search_term_string}"},"query-input":{"@type":"PropertyValueSpecification","valueRequired":true,"valueName":"search_term_string"}}],"inLanguage":"pt-BR"}]}},"_links":{"self":[{"href":"https:\/\/www.camarasmunicipal.com.br\/agenda\/wp-json\/wp\/v2\/pages\/12","targetHints":{"allow":["GET"]}}],"collection":[{"href":"https:\/\/www.camarasmunicipal.com.br\/agenda\/wp-json\/wp\/v2\/pages"}],"about":[{"href":"https:\/\/www.camarasmunicipal.com.br\/agenda\/wp-json\/wp\/v2\/types\/page"}],"author":[{"embeddable":true,"href":"https:\/\/www.camarasmunicipal.com.br\/agenda\/wp-json\/wp\/v2\/users\/1"}],"replies":[{"embeddable":true,"href":"https:\/\/www.camarasmunicipal.com.br\/agenda\/wp-json\/wp\/v2\/comments?post=12"}],"version-history":[{"count":0,"href":"https:\/\/www.camarasmunicipal.com.br\/agenda\/wp-json\/wp\/v2\/pages\/12\/revisions"}],"wp:attachment":[{"href":"https:\/\/www.camarasmunicipal.com.br\/agenda\/wp-json\/wp\/v2\/media?parent=12"}],"curies":[{"name":"wp","href":"https:\/\/api.w.org\/{rel}","templated":true}]}}